{"id":24,"date":"2024-09-25T00:59:28","date_gmt":"2024-09-25T00:59:28","guid":{"rendered":"https:\/\/www.yahyakemalokutan.com\/blog\/?page_id=24"},"modified":"2025-05-19T10:01:18","modified_gmt":"2025-05-19T10:01:18","slug":"projelerim","status":"publish","type":"page","link":"https:\/\/www.yahyakemalokutan.com\/blog\/projelerim\/","title":{"rendered":"Projeler"},"content":{"rendered":"\n<p class=\"has-white-color has-white-background-color has-text-color has-background has-link-color wp-elements-f3af10659a18cfd88d4a54e34f264cca\"><\/p>\n\n\n\n<p>\u2022 Quadcopter Drone Projesi: U\u00e7u\u015f denge algoritmas\u0131 ve kontrol sistemi tasar\u0131m\u0131.<br>\u2022 2 Eksenli Y\u00fcz Takibi Yapan Kamera: G\u00f6r\u00fcnt\u00fc i\u015fleme ve servo motor kontrol\u00fc.<br>\u2022 3 Eksenli Masa\u00fcst\u00fc CNC Freze Projesi: Mekanik montaj, elektronik kontrol ve yaz\u0131l\u0131m entegrasyonu.<\/p>\n\n\n\n<p class=\"has-black-color has-white-background-color has-text-color has-background has-link-color wp-elements-18bc78fc6f4e68213880307499cd044a\"><\/p>\n\n\n\n<p><\/p>\n","protected":false},"excerpt":{"rendered":"<p>\u2022 Quadcopter Drone Projesi: U\u00e7u\u015f denge algoritmas\u0131 ve kontrol sistemi tasar\u0131m\u0131.\u2022 2 Eksenli Y\u00fcz Takibi Yapan Kamera: G\u00f6r\u00fcnt\u00fc i\u015fleme ve servo motor kontrol\u00fc.\u2022 3 Eksenli Masa\u00fcst\u00fc CNC Freze Projesi: Mekanik montaj, elektronik kontrol ve yaz\u0131l\u0131m entegrasyonu.<\/p>\n","protected":false},"author":1,"featured_media":0,"parent":0,"menu_order":0,"comment_status":"closed","ping_status":"closed","template":"","meta":{"footnotes":""},"class_list":["post-24","page","type-page","status-publish","hentry"],"yoast_head":"<!-- This site is optimized with the Yoast SEO plugin v27.4 - https:\/\/yoast.com\/product\/yoast-seo-wordpress\/ -->\n<title>Projeler - Yahya Kemal OKUTAN<\/title>\n<meta name=\"robots\" content=\"index, follow, max-snippet:-1, max-image-preview:large, max-video-preview:-1\" \/>\n<link rel=\"canonical\" href=\"https:\/\/www.yahyakemalokutan.com\/blog\/projelerim\/\" \/>\n<meta property=\"og:locale\" content=\"tr_TR\" \/>\n<meta property=\"og:type\" content=\"article\" \/>\n<meta property=\"og:title\" content=\"Projeler - Yahya Kemal OKUTAN\" \/>\n<meta property=\"og:description\" content=\"\u2022 Quadcopter Drone Projesi: U\u00e7u\u015f denge algoritmas\u0131 ve kontrol sistemi tasar\u0131m\u0131.\u2022 2 Eksenli Y\u00fcz Takibi Yapan Kamera: G\u00f6r\u00fcnt\u00fc i\u015fleme ve servo motor kontrol\u00fc.\u2022 3 Eksenli Masa\u00fcst\u00fc CNC Freze Projesi: Mekanik montaj, elektronik kontrol ve yaz\u0131l\u0131m entegrasyonu.\" \/>\n<meta property=\"og:url\" content=\"https:\/\/www.yahyakemalokutan.com\/blog\/projelerim\/\" \/>\n<meta property=\"og:site_name\" content=\"Yahya Kemal OKUTAN\" \/>\n<meta property=\"article:modified_time\" content=\"2025-05-19T10:01:18+00:00\" \/>\n<meta name=\"twitter:card\" content=\"summary_large_image\" \/>\n<meta name=\"twitter:label1\" content=\"Tahmini okuma s\u00fcresi\" \/>\n\t<meta name=\"twitter:data1\" content=\"1 dakika\" \/>\n<script type=\"application\/ld+json\" class=\"yoast-schema-graph\">{\"@context\":\"https:\\\/\\\/schema.org\",\"@graph\":[{\"@type\":\"WebPage\",\"@id\":\"https:\\\/\\\/www.yahyakemalokutan.com\\\/blog\\\/projelerim\\\/\",\"url\":\"https:\\\/\\\/www.yahyakemalokutan.com\\\/blog\\\/projelerim\\\/\",\"name\":\"Projeler - Yahya Kemal OKUTAN\",\"isPartOf\":{\"@id\":\"https:\\\/\\\/www.yahyakemalokutan.com\\\/blog\\\/#website\"},\"datePublished\":\"2024-09-25T00:59:28+00:00\",\"dateModified\":\"2025-05-19T10:01:18+00:00\",\"breadcrumb\":{\"@id\":\"https:\\\/\\\/www.yahyakemalokutan.com\\\/blog\\\/projelerim\\\/#breadcrumb\"},\"inLanguage\":\"tr\",\"potentialAction\":[{\"@type\":\"ReadAction\",\"target\":[\"https:\\\/\\\/www.yahyakemalokutan.com\\\/blog\\\/projelerim\\\/\"]}]},{\"@type\":\"BreadcrumbList\",\"@id\":\"https:\\\/\\\/www.yahyakemalokutan.com\\\/blog\\\/projelerim\\\/#breadcrumb\",\"itemListElement\":[{\"@type\":\"ListItem\",\"position\":1,\"name\":\"Anasayfa\",\"item\":\"https:\\\/\\\/www.yahyakemalokutan.com\\\/blog\\\/\"},{\"@type\":\"ListItem\",\"position\":2,\"name\":\"Projeler\"}]},{\"@type\":\"WebSite\",\"@id\":\"https:\\\/\\\/www.yahyakemalokutan.com\\\/blog\\\/#website\",\"url\":\"https:\\\/\\\/www.yahyakemalokutan.com\\\/blog\\\/\",\"name\":\"Yahya Kemal OKUTAN\",\"description\":\"Mekatronik M\u00fchendisi\",\"publisher\":{\"@id\":\"https:\\\/\\\/www.yahyakemalokutan.com\\\/blog\\\/#\\\/schema\\\/person\\\/e92a50ebe673ea839091d64801f5e69f\"},\"potentialAction\":[{\"@type\":\"SearchAction\",\"target\":{\"@type\":\"EntryPoint\",\"urlTemplate\":\"https:\\\/\\\/www.yahyakemalokutan.com\\\/blog\\\/?s={search_term_string}\"},\"query-input\":{\"@type\":\"PropertyValueSpecification\",\"valueRequired\":true,\"valueName\":\"search_term_string\"}}],\"inLanguage\":\"tr\"},{\"@type\":[\"Person\",\"Organization\"],\"@id\":\"https:\\\/\\\/www.yahyakemalokutan.com\\\/blog\\\/#\\\/schema\\\/person\\\/e92a50ebe673ea839091d64801f5e69f\",\"name\":\"ykokutan\",\"image\":{\"@type\":\"ImageObject\",\"inLanguage\":\"tr\",\"@id\":\"https:\\\/\\\/www.yahyakemalokutan.com\\\/blog\\\/wp-content\\\/uploads\\\/2024\\\/09\\\/cropped-vesikalik-min-3.jpeg\",\"url\":\"https:\\\/\\\/www.yahyakemalokutan.com\\\/blog\\\/wp-content\\\/uploads\\\/2024\\\/09\\\/cropped-vesikalik-min-3.jpeg\",\"contentUrl\":\"https:\\\/\\\/www.yahyakemalokutan.com\\\/blog\\\/wp-content\\\/uploads\\\/2024\\\/09\\\/cropped-vesikalik-min-3.jpeg\",\"width\":1099,\"height\":1102,\"caption\":\"ykokutan\"},\"logo\":{\"@id\":\"https:\\\/\\\/www.yahyakemalokutan.com\\\/blog\\\/wp-content\\\/uploads\\\/2024\\\/09\\\/cropped-vesikalik-min-3.jpeg\"},\"sameAs\":[\"https:\\\/\\\/www.yahyakemalokutan.com\\\/blog\"]}]}<\/script>\n<!-- \/ Yoast SEO plugin. -->","yoast_head_json":{"title":"Projeler - Yahya Kemal OKUTAN","robots":{"index":"index","follow":"follow","max-snippet":"max-snippet:-1","max-image-preview":"max-image-preview:large","max-video-preview":"max-video-preview:-1"},"canonical":"https:\/\/www.yahyakemalokutan.com\/blog\/projelerim\/","og_locale":"tr_TR","og_type":"article","og_title":"Projeler - Yahya Kemal OKUTAN","og_description":"\u2022 Quadcopter Drone Projesi: U\u00e7u\u015f denge algoritmas\u0131 ve kontrol sistemi tasar\u0131m\u0131.\u2022 2 Eksenli Y\u00fcz Takibi Yapan Kamera: G\u00f6r\u00fcnt\u00fc i\u015fleme ve servo motor kontrol\u00fc.\u2022 3 Eksenli Masa\u00fcst\u00fc CNC Freze Projesi: Mekanik montaj, elektronik kontrol ve yaz\u0131l\u0131m entegrasyonu.","og_url":"https:\/\/www.yahyakemalokutan.com\/blog\/projelerim\/","og_site_name":"Yahya Kemal OKUTAN","article_modified_time":"2025-05-19T10:01:18+00:00","twitter_card":"summary_large_image","twitter_misc":{"Tahmini okuma s\u00fcresi":"1 dakika"},"schema":{"@context":"https:\/\/schema.org","@graph":[{"@type":"WebPage","@id":"https:\/\/www.yahyakemalokutan.com\/blog\/projelerim\/","url":"https:\/\/www.yahyakemalokutan.com\/blog\/projelerim\/","name":"Projeler - Yahya Kemal OKUTAN","isPartOf":{"@id":"https:\/\/www.yahyakemalokutan.com\/blog\/#website"},"datePublished":"2024-09-25T00:59:28+00:00","dateModified":"2025-05-19T10:01:18+00:00","breadcrumb":{"@id":"https:\/\/www.yahyakemalokutan.com\/blog\/projelerim\/#breadcrumb"},"inLanguage":"tr","potentialAction":[{"@type":"ReadAction","target":["https:\/\/www.yahyakemalokutan.com\/blog\/projelerim\/"]}]},{"@type":"BreadcrumbList","@id":"https:\/\/www.yahyakemalokutan.com\/blog\/projelerim\/#breadcrumb","itemListElement":[{"@type":"ListItem","position":1,"name":"Anasayfa","item":"https:\/\/www.yahyakemalokutan.com\/blog\/"},{"@type":"ListItem","position":2,"name":"Projeler"}]},{"@type":"WebSite","@id":"https:\/\/www.yahyakemalokutan.com\/blog\/#website","url":"https:\/\/www.yahyakemalokutan.com\/blog\/","name":"Yahya Kemal OKUTAN","description":"Mekatronik M\u00fchendisi","publisher":{"@id":"https:\/\/www.yahyakemalokutan.com\/blog\/#\/schema\/person\/e92a50ebe673ea839091d64801f5e69f"},"potentialAction":[{"@type":"SearchAction","target":{"@type":"EntryPoint","urlTemplate":"https:\/\/www.yahyakemalokutan.com\/blog\/?s={search_term_string}"},"query-input":{"@type":"PropertyValueSpecification","valueRequired":true,"valueName":"search_term_string"}}],"inLanguage":"tr"},{"@type":["Person","Organization"],"@id":"https:\/\/www.yahyakemalokutan.com\/blog\/#\/schema\/person\/e92a50ebe673ea839091d64801f5e69f","name":"ykokutan","image":{"@type":"ImageObject","inLanguage":"tr","@id":"https:\/\/www.yahyakemalokutan.com\/blog\/wp-content\/uploads\/2024\/09\/cropped-vesikalik-min-3.jpeg","url":"https:\/\/www.yahyakemalokutan.com\/blog\/wp-content\/uploads\/2024\/09\/cropped-vesikalik-min-3.jpeg","contentUrl":"https:\/\/www.yahyakemalokutan.com\/blog\/wp-content\/uploads\/2024\/09\/cropped-vesikalik-min-3.jpeg","width":1099,"height":1102,"caption":"ykokutan"},"logo":{"@id":"https:\/\/www.yahyakemalokutan.com\/blog\/wp-content\/uploads\/2024\/09\/cropped-vesikalik-min-3.jpeg"},"sameAs":["https:\/\/www.yahyakemalokutan.com\/blog"]}]}},"_links":{"self":[{"href":"https:\/\/www.yahyakemalokutan.com\/blog\/wp-json\/wp\/v2\/pages\/24","targetHints":{"allow":["GET"]}}],"collection":[{"href":"https:\/\/www.yahyakemalokutan.com\/blog\/wp-json\/wp\/v2\/pages"}],"about":[{"href":"https:\/\/www.yahyakemalokutan.com\/blog\/wp-json\/wp\/v2\/types\/page"}],"author":[{"embeddable":true,"href":"https:\/\/www.yahyakemalokutan.com\/blog\/wp-json\/wp\/v2\/users\/1"}],"replies":[{"embeddable":true,"href":"https:\/\/www.yahyakemalokutan.com\/blog\/wp-json\/wp\/v2\/comments?post=24"}],"version-history":[{"count":4,"href":"https:\/\/www.yahyakemalokutan.com\/blog\/wp-json\/wp\/v2\/pages\/24\/revisions"}],"predecessor-version":[{"id":44,"href":"https:\/\/www.yahyakemalokutan.com\/blog\/wp-json\/wp\/v2\/pages\/24\/revisions\/44"}],"wp:attachment":[{"href":"https:\/\/www.yahyakemalokutan.com\/blog\/wp-json\/wp\/v2\/media?parent=24"}],"curies":[{"name":"wp","href":"https:\/\/api.w.org\/{rel}","templated":true}]}}